{"id":309,"date":"2023-11-24T07:10:28","date_gmt":"2023-11-24T10:10:28","guid":{"rendered":"https:\/\/apoioservicostecnicos.com.br\/?page_id=309"},"modified":"2024-10-07T11:38:18","modified_gmt":"2024-10-07T14:38:18","slug":"assistencia-corretiva","status":"publish","type":"page","link":"https:\/\/apoioservicostecnicos.com.br\/index.php\/assistencia-corretiva\/","title":{"rendered":"Assist\u00eancia Corretiva"},"content":{"rendered":"\t\t<div data-elementor-type=\"wp-page\" data-elementor-id=\"309\" class=\"elementor elementor-309\">\n\t\t\t\t\t\t\t<div class=\"elementor-element elementor-element-e5ddd22 e-con-full e-flex e-con e-parent\" data-id=\"e5ddd22\" data-element_type=\"container\" data-settings=\"{&quot;content_width&quot;:&quot;full&quot;,&quot;background_background&quot;:&quot;classic&quot;,&quot;_ha_eqh_enable&quot;:false}\" data-core-v316-plus=\"true\">\n\t\t\t\t<div class=\"elementor-element elementor-element-20b21ad elementor-widget elementor-widget-heading\" data-id=\"20b21ad\" data-element_type=\"widget\" data-widget_type=\"heading.default\">\n\t\t\t\t<div class=\"elementor-widget-container\">\n\t\t\t<style>\/*! elementor - v3.17.0 - 25-10-2023 *\/\n.elementor-heading-title{padding:0;margin:0;line-height:1}.elementor-widget-heading .elementor-heading-title[class*=elementor-size-]>a{color:inherit;font-size:inherit;line-height:inherit}.elementor-widget-heading .elementor-heading-title.elementor-size-small{font-size:15px}.elementor-widget-heading .elementor-heading-title.elementor-size-medium{font-size:19px}.elementor-widget-heading .elementor-heading-title.elementor-size-large{font-size:29px}.elementor-widget-heading .elementor-heading-title.elementor-size-xl{font-size:39px}.elementor-widget-heading .elementor-heading-title.elementor-size-xxl{font-size:59px}<\/style><h2 class=\"elementor-heading-title elementor-size-default\">Assist\u00eancia Corretiva<\/h2>\t\t<\/div>\n\t\t\t\t<\/div>\n\t\t\t\t<\/div>\n\t\t<div class=\"elementor-element elementor-element-92e9c7f e-flex e-con-boxed e-con e-parent\" data-id=\"92e9c7f\" data-element_type=\"container\" data-settings=\"{&quot;content_width&quot;:&quot;boxed&quot;,&quot;_ha_eqh_enable&quot;:false}\" data-core-v316-plus=\"true\">\n\t\t\t\t\t<div class=\"e-con-inner\">\n\t\t\t\t<div class=\"elementor-element elementor-element-d52be52 elementor-widget elementor-widget-heading\" data-id=\"d52be52\" data-element_type=\"widget\" data-widget_type=\"heading.default\">\n\t\t\t\t<div class=\"elementor-widget-container\">\n\t\t\t<h2 class=\"elementor-heading-title elementor-size-default\">Assist\u00eancia Corretiva<\/h2>\t\t<\/div>\n\t\t\t\t<\/div>\n\t\t\t\t<div class=\"elementor-element elementor-element-bd8643f elementor-widget elementor-widget-text-editor\" data-id=\"bd8643f\" data-element_type=\"widget\" data-widget_type=\"text-editor.default\">\n\t\t\t\t<div class=\"elementor-widget-container\">\n\t\t\t<style>\/*! elementor - v3.17.0 - 25-10-2023 *\/\n.elementor-widget-text-editor.elementor-drop-cap-view-stacked .elementor-drop-cap{background-color:#69727d;color:#fff}.elementor-widget-text-editor.elementor-drop-cap-view-framed .elementor-drop-cap{color:#69727d;border:3px solid;background-color:transparent}.elementor-widget-text-editor:not(.elementor-drop-cap-view-default) .elementor-drop-cap{margin-top:8px}.elementor-widget-text-editor:not(.elementor-drop-cap-view-default) .elementor-drop-cap-letter{width:1em;height:1em}.elementor-widget-text-editor .elementor-drop-cap{float:left;text-align:center;line-height:1;font-size:50px}.elementor-widget-text-editor .elementor-drop-cap-letter{display:inline-block}<\/style>\t\t\t\t<div class=\"elementor-element elementor-element-6aba1f5f elementor-widget elementor-widget-text-editor next\" data-id=\"6aba1f5f\" data-element_type=\"widget\" data-widget_type=\"text-editor.default\"><div class=\"elementor-widget-container\">\u00a0<\/div><\/div><div class=\"elementor-element elementor-element-6cb715ed elementor-widget elementor-widget-text-editor\" data-id=\"6cb715ed\" data-element_type=\"widget\" data-widget_type=\"text-editor.default\"><div class=\"elementor-widget-container\"><p>Consiste no atendimento de um chamado de cliente, ap\u00f3s visita para diagn\u00f3stico, referente a qualquer problema operacional, mec\u00e2nico, el\u00e9trico, hidr\u00e1ulico, etc. Cujo equipamento ou pe\u00e7as estejam com seu prazo de garantia expirado, havendo a necessidade de reparos para que o equipamento volte a operar com seguran\u00e7a.<\/p><\/div><\/div>\t\t\t\t\t\t<\/div>\n\t\t\t\t<\/div>\n\t\t\t\t\t<\/div>\n\t\t\t\t<\/div>\n\t\t\t\t\t\t\t<\/div>\n\t\t","protected":false},"excerpt":{"rendered":"<p>Assist\u00eancia Corretiva Assist\u00eancia Corretiva \u00a0 Consiste no atendimento de um chamado de cliente, ap\u00f3s visita para diagn\u00f3stico, referente a qualquer problema operacional, mec\u00e2nico, el\u00e9trico, hidr\u00e1ulico, etc. Cujo equipamento ou pe\u00e7as estejam com seu prazo de garantia expirado, havendo a necessidade de reparos para que o equipamento volte a operar com seguran\u00e7a.<\/p>\n","protected":false},"author":1,"featured_media":0,"parent":0,"menu_order":0,"comment_status":"closed","ping_status":"closed","template":"","meta":{"_joinchat":[],"footnotes":""},"class_list":["post-309","page","type-page","status-publish","hentry"],"_links":{"self":[{"href":"https:\/\/apoioservicostecnicos.com.br\/index.php\/wp-json\/wp\/v2\/pages\/309"}],"collection":[{"href":"https:\/\/apoioservicostecnicos.com.br\/index.php\/wp-json\/wp\/v2\/pages"}],"about":[{"href":"https:\/\/apoioservicostecnicos.com.br\/index.php\/wp-json\/wp\/v2\/types\/page"}],"author":[{"embeddable":true,"href":"https:\/\/apoioservicostecnicos.com.br\/index.php\/wp-json\/wp\/v2\/users\/1"}],"replies":[{"embeddable":true,"href":"https:\/\/apoioservicostecnicos.com.br\/index.php\/wp-json\/wp\/v2\/comments?post=309"}],"version-history":[{"count":13,"href":"https:\/\/apoioservicostecnicos.com.br\/index.php\/wp-json\/wp\/v2\/pages\/309\/revisions"}],"predecessor-version":[{"id":451,"href":"https:\/\/apoioservicostecnicos.com.br\/index.php\/wp-json\/wp\/v2\/pages\/309\/revisions\/451"}],"wp:attachment":[{"href":"https:\/\/apoioservicostecnicos.com.br\/index.php\/wp-json\/wp\/v2\/media?parent=309"}],"curies":[{"name":"wp","href":"https:\/\/api.w.org\/{rel}","templated":true}]}}