{"id":109,"date":"2023-11-09T16:14:21","date_gmt":"2023-11-09T19:14:21","guid":{"rendered":"https:\/\/apoioservicostecnicos.com.br\/?page_id=109"},"modified":"2023-11-10T01:05:22","modified_gmt":"2023-11-10T04:05:22","slug":"treinamentos","status":"publish","type":"page","link":"https:\/\/apoioservicostecnicos.com.br\/index.php\/treinamentos\/","title":{"rendered":"Treinamentos"},"content":{"rendered":"\t\t<div data-elementor-type=\"wp-page\" data-elementor-id=\"109\" class=\"elementor elementor-109\">\n\t\t\t\t\t\t\t<div class=\"elementor-element elementor-element-355ea41 e-con-full e-flex e-con e-parent\" data-id=\"355ea41\" data-element_type=\"container\" data-settings=\"{&quot;content_width&quot;:&quot;full&quot;,&quot;background_background&quot;:&quot;classic&quot;,&quot;_ha_eqh_enable&quot;:false}\" data-core-v316-plus=\"true\">\n\t\t\t\t<div class=\"elementor-element elementor-element-9052212 elementor-widget elementor-widget-heading\" data-id=\"9052212\" data-element_type=\"widget\" data-widget_type=\"heading.default\">\n\t\t\t\t<div class=\"elementor-widget-container\">\n\t\t\t<style>\/*! elementor - v3.17.0 - 25-10-2023 *\/\n.elementor-heading-title{padding:0;margin:0;line-height:1}.elementor-widget-heading .elementor-heading-title[class*=elementor-size-]>a{color:inherit;font-size:inherit;line-height:inherit}.elementor-widget-heading .elementor-heading-title.elementor-size-small{font-size:15px}.elementor-widget-heading .elementor-heading-title.elementor-size-medium{font-size:19px}.elementor-widget-heading .elementor-heading-title.elementor-size-large{font-size:29px}.elementor-widget-heading .elementor-heading-title.elementor-size-xl{font-size:39px}.elementor-widget-heading .elementor-heading-title.elementor-size-xxl{font-size:59px}<\/style><h2 class=\"elementor-heading-title elementor-size-default\">Treinamento<\/h2>\t\t<\/div>\n\t\t\t\t<\/div>\n\t\t\t\t<\/div>\n\t\t<div class=\"elementor-element elementor-element-a2d1adf e-flex e-con-boxed e-con e-parent\" data-id=\"a2d1adf\" data-element_type=\"container\" data-settings=\"{&quot;content_width&quot;:&quot;boxed&quot;,&quot;_ha_eqh_enable&quot;:false}\" data-core-v316-plus=\"true\">\n\t\t\t\t\t<div class=\"e-con-inner\">\n\t\t\t\t<div class=\"elementor-element elementor-element-38461da elementor-widget elementor-widget-heading\" data-id=\"38461da\" data-element_type=\"widget\" data-widget_type=\"heading.default\">\n\t\t\t\t<div class=\"elementor-widget-container\">\n\t\t\t<h2 class=\"elementor-heading-title elementor-size-default\">Treinamento Especializado <\/h2>\t\t<\/div>\n\t\t\t\t<\/div>\n\t\t\t\t<div class=\"elementor-element elementor-element-e49c0bd elementor-widget elementor-widget-text-editor\" data-id=\"e49c0bd\" data-element_type=\"widget\" data-widget_type=\"text-editor.default\">\n\t\t\t\t<div class=\"elementor-widget-container\">\n\t\t\t<style>\/*! elementor - v3.17.0 - 25-10-2023 *\/\n.elementor-widget-text-editor.elementor-drop-cap-view-stacked .elementor-drop-cap{background-color:#69727d;color:#fff}.elementor-widget-text-editor.elementor-drop-cap-view-framed .elementor-drop-cap{color:#69727d;border:3px solid;background-color:transparent}.elementor-widget-text-editor:not(.elementor-drop-cap-view-default) .elementor-drop-cap{margin-top:8px}.elementor-widget-text-editor:not(.elementor-drop-cap-view-default) .elementor-drop-cap-letter{width:1em;height:1em}.elementor-widget-text-editor .elementor-drop-cap{float:left;text-align:center;line-height:1;font-size:50px}.elementor-widget-text-editor .elementor-drop-cap-letter{display:inline-block}<\/style>\t\t\t\t<p>Nossos treinamentos, tem como objetivo, instruir o operador referente ao funcionamento detalhado de cada comando do equipamento, com informa\u00e7\u00f5es de seguran\u00e7a, essenciais para uma boa opera\u00e7\u00e3o.<\/p><p>O treinamento \u00e9 ministrado com carga hor\u00e1ria de 8 hs, de maneira te\u00f3rica e pr\u00e1tica, e inclui material did\u00e1tico e certificado de conclus\u00e3o.<\/p><p><br \/>Os operadores devem ser capacitados e treinados no modelo de PTA, a ser utilizado ou similar, no seu pr\u00f3prio local de trabalho e tal capacita\u00e7\u00e3o deve contemplar o conte\u00fado program\u00e1tico estabelecido pelo fabricante, abordando os princ\u00edpios b\u00e1sicos de seguran\u00e7a, inspe\u00e7\u00e3o e opera\u00e7\u00e3o.<\/p><p><br \/>Neste treinamento o participante ter\u00e1 condi\u00e7\u00f5es de avaliar se as instala\u00e7\u00f5es ao seu redor, oferecem condi\u00e7\u00f5es seguras para operar uma plataforma de trabalho a\u00e9reo, ter\u00e1 o conhecimento necess\u00e1rio sobre todos os t\u00f3picos da NR-18 e as no\u00e7\u00f5es de seguran\u00e7a na utiliza\u00e7\u00e3o de PTA.<\/p>\t\t\t\t\t\t<\/div>\n\t\t\t\t<\/div>\n\t\t\t\t<div class=\"elementor-element elementor-element-598802f elementor-align-center elementor-widget elementor-widget-button\" data-id=\"598802f\" data-element_type=\"widget\" data-widget_type=\"button.default\">\n\t\t\t\t<div class=\"elementor-widget-container\">\n\t\t\t\t\t<div class=\"elementor-button-wrapper\">\n\t\t\t<a class=\"elementor-button elementor-button-link elementor-size-lg elementor-animation-grow\" href=\"#\">\n\t\t\t\t\t\t<span class=\"elementor-button-content-wrapper\">\n\t\t\t\t\t\t<span class=\"elementor-button-text\">Saiba Mais!<\/span>\n\t\t<\/span>\n\t\t\t\t\t<\/a>\n\t\t<\/div>\n\t\t\t\t<\/div>\n\t\t\t\t<\/div>\n\t\t\t\t\t<\/div>\n\t\t\t\t<\/div>\n\t\t\t\t\t\t\t<\/div>\n\t\t","protected":false},"excerpt":{"rendered":"<p>Treinamento Treinamento Especializado Nossos treinamentos, tem como objetivo, instruir o operador referente ao funcionamento detalhado de cada comando do equipamento, com informa\u00e7\u00f5es de seguran\u00e7a, essenciais para uma boa opera\u00e7\u00e3o. O treinamento \u00e9 ministrado com carga hor\u00e1ria de 8 hs, de maneira te\u00f3rica e pr\u00e1tica, e inclui material did\u00e1tico e certificado de conclus\u00e3o. Os operadores devem [&hellip;]<\/p>\n","protected":false},"author":1,"featured_media":0,"parent":0,"menu_order":0,"comment_status":"closed","ping_status":"closed","template":"","meta":{"_joinchat":[],"footnotes":""},"class_list":["post-109","page","type-page","status-publish","hentry"],"_links":{"self":[{"href":"https:\/\/apoioservicostecnicos.com.br\/index.php\/wp-json\/wp\/v2\/pages\/109"}],"collection":[{"href":"https:\/\/apoioservicostecnicos.com.br\/index.php\/wp-json\/wp\/v2\/pages"}],"about":[{"href":"https:\/\/apoioservicostecnicos.com.br\/index.php\/wp-json\/wp\/v2\/types\/page"}],"author":[{"embeddable":true,"href":"https:\/\/apoioservicostecnicos.com.br\/index.php\/wp-json\/wp\/v2\/users\/1"}],"replies":[{"embeddable":true,"href":"https:\/\/apoioservicostecnicos.com.br\/index.php\/wp-json\/wp\/v2\/comments?post=109"}],"version-history":[{"count":4,"href":"https:\/\/apoioservicostecnicos.com.br\/index.php\/wp-json\/wp\/v2\/pages\/109\/revisions"}],"predecessor-version":[{"id":169,"href":"https:\/\/apoioservicostecnicos.com.br\/index.php\/wp-json\/wp\/v2\/pages\/109\/revisions\/169"}],"wp:attachment":[{"href":"https:\/\/apoioservicostecnicos.com.br\/index.php\/wp-json\/wp\/v2\/media?parent=109"}],"curies":[{"name":"wp","href":"https:\/\/api.w.org\/{rel}","templated":true}]}}